{"id":8,"date":"2020-12-03T18:05:31","date_gmt":"2020-12-03T17:05:31","guid":{"rendered":"https:\/\/wwp.mit-tester.de\/?page_id=8"},"modified":"2022-01-06T17:20:19","modified_gmt":"2022-01-06T16:20:19","slug":"company","status":"publish","type":"page","link":"https:\/\/www.mit-tester.de\/en\/company\/","title":{"rendered":"Company"},"content":{"rendered":"<div data-elementor-type=\"wp-page\" data-elementor-id=\"8\" class=\"elementor elementor-8\" data-elementor-post-type=\"page\">\n\t\t\t\t\t\t<section class=\"elementor-section elementor-top-section elementor-element elementor-element-08be43b elementor-section-boxed elementor-section-height-default elementor-section-height-default\" data-id=\"08be43b\" data-element_type=\"section\">\n\t\t\t\t\t\t<div class=\"elementor-container elementor-column-gap-default\">\n\t\t\t\t\t<div class=\"elementor-column elementor-col-100 elementor-top-column elementor-element elementor-element-8efb6bf\" data-id=\"8efb6bf\" data-element_type=\"column\">\n\t\t\t<div class=\"elementor-widget-wrap elementor-element-populated\">\n\t\t\t\t\t\t<div class=\"elementor-element elementor-element-c95de92 elementor-widget elementor-widget-text-editor\" data-id=\"c95de92\" data-element_type=\"widget\" data-widget_type=\"text-editor.default\">\n\t\t\t\t<div class=\"elementor-widget-container\">\n\t\t\t\t\t\t\t\t\t<h1>General Information<\/h1><h3>MI&amp;T Measuring Instruments &amp; Testers<\/h3><p>The <strong>MI<\/strong><strong>&amp;<\/strong><strong>T GmbH<\/strong> provides a comprehensive range of testers, test stations, test systems and force measuring gauges for pull and press force tests, force\/stroke as well as strain measurement. The versatile MI&amp;T testers and test stations in combination with application specific clamping tools and test fixtures provide flexible test systems for various test applications in quality control, research, development and industry. MI&amp;T measuring instruments and testers are used for a wide range of applications in quality control and material testing and can be used for simple force measurements as well as for sophisticated failure mode experiments. All tension and compression testers and test stations are space-saving units with easy handling, which meet user\u2019s requirements for accuracy, reliability, convenience and economy as well as the requirements to the data evaluation and documentation of test results. <br \/>The highly developed evaluation electronics meet the modern requirements for measurement data acquisition and measurement data evaluation as well as for the documentation of the measurement results.<\/p><p class=\"translation-block\"><p>In addition to the comprehensive range of standard measuring instruments and testers, standard clamping tools and test fixtures the <strong>MI<\/strong><strong>&amp;<\/strong><strong>T<\/strong> offers customized special test systems as well as customized clamping tools and test fixtures adapted to the respective application.<\/p><\/p><p>All MI&amp;T measuring gauges, testers and test stations as well as standard and customized tools are designed and manufactured in Germany.<\/p><p class=\"translation-block\"><p>Of course the <strong>MI<\/strong><strong>&amp;<\/strong><strong>T GmbH<\/strong> provides the service, inspection and calibration for the <strong>MI<\/strong><strong>&amp;<\/strong><strong>T<\/strong> measuring instruments, testers and accessories and in addition also for force testing units of other manufacturers.<\/p><\/p><h3>MI&amp;T GmbH Management Intelligence &amp; Technology<\/h3><p class=\"translation-block\">The MI&amp;T provides consulting services, staff training and workshops on the topics of quality management and quality assurance.<\/p><h3>MI&amp;T electronics<\/h3><p>Development and manufacturing of customer-specific electronic system solutions, among others control systems, industrial electronics, microprocessor controls, display and operating units, sensors, data transmission and power supply systems.<\/p>\t\t\t\t\t\t\t\t<\/div>\n\t\t\t\t<\/div>\n\t\t\t\t\t<\/div>\n\t\t<\/div>\n\t\t\t\t\t<\/div>\n\t\t<\/section>\n\t\t\t\t<\/div>","protected":false},"excerpt":{"rendered":"<p>Allgemeine Informationen MI&amp;T GmbH Mess- &amp; Pr\u00fcftechnik Das Lieferprogramm der MI&amp;T GmbH umfasst ein umfangreiches Spektrum an Kraftmessger\u00e4ten, Testern, Pr\u00fcfstationen und Pr\u00fcfsystemen f\u00fcr die Kraft-, Kraft\/Weg- und Dehnungsmessung. Die unterschiedlichen Pr\u00fcfger\u00e4te f\u00fcr die Zug- und Druckfestigkeitspr\u00fcfung in Kombination mit den entsprechenden anwendungsspezifischen Aufnahme- und Spannwerkzeugen erm\u00f6glicht den Einsatz der variablen Kraftmessger\u00e4te f\u00fcr vielf\u00e4ltige Anwendungen in [&hellip;]<\/p>","protected":false},"author":1,"featured_media":0,"parent":0,"menu_order":0,"comment_status":"closed","ping_status":"closed","template":"","meta":{"footnotes":""},"class_list":["post-8","page","type-page","status-publish","hentry"],"_links":{"self":[{"href":"https:\/\/www.mit-tester.de\/en\/wp-json\/wp\/v2\/pages\/8","targetHints":{"allow":["GET"]}}],"collection":[{"href":"https:\/\/www.mit-tester.de\/en\/wp-json\/wp\/v2\/pages"}],"about":[{"href":"https:\/\/www.mit-tester.de\/en\/wp-json\/wp\/v2\/types\/page"}],"author":[{"embeddable":true,"href":"https:\/\/www.mit-tester.de\/en\/wp-json\/wp\/v2\/users\/1"}],"replies":[{"embeddable":true,"href":"https:\/\/www.mit-tester.de\/en\/wp-json\/wp\/v2\/comments?post=8"}],"version-history":[{"count":5,"href":"https:\/\/www.mit-tester.de\/en\/wp-json\/wp\/v2\/pages\/8\/revisions"}],"predecessor-version":[{"id":719,"href":"https:\/\/www.mit-tester.de\/en\/wp-json\/wp\/v2\/pages\/8\/revisions\/719"}],"wp:attachment":[{"href":"https:\/\/www.mit-tester.de\/en\/wp-json\/wp\/v2\/media?parent=8"}],"curies":[{"name":"wp","href":"https:\/\/api.w.org\/{rel}","templated":true}]}}