{"id":14,"date":"2020-12-03T18:06:21","date_gmt":"2020-12-03T17:06:21","guid":{"rendered":"https:\/\/wwp.mit-tester.de\/?page_id=14"},"modified":"2026-01-23T08:34:46","modified_gmt":"2026-01-23T07:34:46","slug":"downloads","status":"publish","type":"page","link":"https:\/\/www.mit-tester.de\/en\/downloads\/","title":{"rendered":"Downloads"},"content":{"rendered":"<div data-elementor-type=\"wp-page\" data-elementor-id=\"14\" class=\"elementor elementor-14\" data-elementor-post-type=\"page\">\n\t\t\t\t\t\t<section class=\"elementor-section elementor-top-section elementor-element elementor-element-9a41751 elementor-section-boxed elementor-section-height-default elementor-section-height-default\" data-id=\"9a41751\" data-element_type=\"section\">\n\t\t\t\t\t\t<div class=\"elementor-container elementor-column-gap-default\">\n\t\t\t\t\t<div class=\"elementor-column elementor-col-100 elementor-top-column elementor-element elementor-element-cd08101\" data-id=\"cd08101\" data-element_type=\"column\">\n\t\t\t<div class=\"elementor-widget-wrap elementor-element-populated\">\n\t\t\t\t\t\t<div class=\"elementor-element elementor-element-bea54d1 elementor-widget elementor-widget-heading\" data-id=\"bea54d1\" data-element_type=\"widget\" data-widget_type=\"heading.default\">\n\t\t\t\t<div class=\"elementor-widget-container\">\n\t\t\t\t\t<h1 class=\"elementor-heading-title elementor-size-default\">Downloads<\/h1>\t\t\t\t<\/div>\n\t\t\t\t<\/div>\n\t\t\t\t\t<\/div>\n\t\t<\/div>\n\t\t\t\t\t<\/div>\n\t\t<\/section>\n\t\t\t\t<section class=\"elementor-section elementor-top-section elementor-element elementor-element-74ae74a elementor-section-boxed elementor-section-height-default elementor-section-height-default\" data-id=\"74ae74a\" data-element_type=\"section\">\n\t\t\t\t\t\t<div class=\"elementor-container elementor-column-gap-default\">\n\t\t\t\t\t<div class=\"elementor-column elementor-col-50 elementor-top-column elementor-element elementor-element-615377b\" data-id=\"615377b\" data-element_type=\"column\">\n\t\t\t<div class=\"elementor-widget-wrap elementor-element-populated\">\n\t\t\t\t\t\t<div class=\"elementor-element elementor-element-1714737 elementor-widget elementor-widget-text-editor\" data-id=\"1714737\" data-element_type=\"widget\" data-widget_type=\"text-editor.default\">\n\t\t\t\t<div class=\"elementor-widget-container\">\n\t\t\t\t\t\t\t\t\t<h3>Deutsches Downloadcenter (PDF):<\/h3><ul><li><a href=\"https:\/\/www.mit-tester.de\/wp-content\/uploads\/2026\/01\/ISO9001-Zertifikat-MIT_Deutsch_2026.pdf\" target=\"_blank\" rel=\"noopener\">DIN EN ISO 9001-Zerifikat MI<span class=\"und\">&amp;<\/span>T<\/a><\/li><\/ul><ul><li><a href=\"https:\/\/www.mit-tester.de\/wp-content\/uploads\/2023\/11\/MIT_Katalog_P2023-10.pdf\" target=\"_blank\" rel=\"noopener\">MI<span class=\"und\">&amp;<\/span>T Katalog<\/a><\/li><li><a href=\"\/wp-content\/uploads\/2020\/12\/MIT_Lieferprogramm_P2017-10.pdf\" target=\"_blank\" rel=\"noopener\">Lieferprogramm<\/a><\/li><li><a href=\"\/wp-content\/uploads\/2020\/12\/MIT_Application-Field_T2013-10.pdf\" target=\"_blank\" rel=\"noopener\">Anwendungbeispiele<\/a><\/li><\/ul><ul><li><a href=\"https:\/\/www.mit-tester.de\/wp-content\/uploads\/2023\/11\/MIT_Leaflet-Testers_T2023-10.pdf\" target=\"_blank\" rel=\"noopener\">MI<span class=\"und\">&amp;<\/span>T Prospekt Tester<\/a><\/li><li><a href=\"\/wp-content\/uploads\/2020\/12\/MIT_Model-Overview_T2017-10.pdf\" target=\"_blank\" rel=\"noopener\">Model Overview<\/a><\/li><li><a href=\"https:\/\/www.mit-tester.de\/wp-content\/uploads\/2023\/11\/MIT_Brochure-Universal-Test-Station-MTM_T2022-01.pdf\" target=\"_blank\" rel=\"noopener\">Prospekt Universal-Pr\u00fcfstation MTM<\/a><\/li><li><a href=\"https:\/\/www.mit-tester.de\/wp-content\/uploads\/2022\/01\/MIT_Brochure_ATM-classic_T2022-01.pdf\" target=\"_blank\" rel=\"noopener\">Prospekt Motorische Pr\u00fcfstation ATM (classic)<\/a><\/li><li><a href=\"\/wp-content\/uploads\/2022\/01\/MIT_Prospekt_ATM-advanced_P2022-01.pdf\" target=\"_blank\" rel=\"noopener\">Prospekt Motorische Pr\u00fcfstation ATM (advanced)<\/a><\/li><li><a href=\"\/wp-content\/uploads\/2020\/12\/MIT_Brochure-Motorized-Tester-FTM_T2013-10.pdf\" target=\"_blank\" rel=\"noopener\">Prospekt Motorischer Tester FTM<\/a><\/li><li><a href=\"\/wp-content\/uploads\/2020\/12\/MIT_Brochure-Digital-Tester-FTS_T2013-10.pdf\" target=\"_blank\" rel=\"noopener\">Prospekt Digital Tester FTS<\/a><\/li><li><a href=\"https:\/\/www.mit-tester.de\/wp-content\/uploads\/2022\/01\/MIT_Brochure-Heavy-duty-Test-Station-STM-25-kN_P2022-01.pdf\" target=\"_blank\" rel=\"noopener\">Prospekt Schwerlast-Pr\u00fcfstation STM 25kN<\/a><\/li><li><a href=\"\/wp-content\/uploads\/2020\/12\/MIT_Brochure-Force-Tester-PT-50_T2013-10.pdf\" target=\"_blank\" rel=\"noopener\">Prospekt Zug-\/Druck Tester PT 50<\/a><\/li><li><a href=\"\/wp-content\/uploads\/2020\/12\/MIT_Brochure-Pull-Press-Tester-FT_T2013-10.pdf\" target=\"_blank\" rel=\"noopener\">Prospekt Zug-\/Druck Tester FT<\/a><\/li><li><a href=\"https:\/\/www.mit-tester.de\/wp-content\/uploads\/2023\/11\/MIT_Prospekt-Kraftmesssystem-FMS_P2023-10.pdf\" target=\"_blank\" rel=\"noopener\">Prospekt Kraftmesssystem FMS<\/a><\/li><li><a href=\"https:\/\/www.mit-tester.de\/wp-content\/uploads\/2023\/11\/MIT_CMS-Force-Measuring-System_T2023-06.pdf\" target=\"_blank\" rel=\"noopener\">Prospekt Kraftmesssystem CMS<\/a><\/li><li><a href=\"\/wp-content\/uploads\/2020\/12\/MIT_Brochure-Hand-Tester-DFG_T2014-08.pdf\" target=\"_blank\" rel=\"noopener\">Brochure Hand Tester DFG<\/a><\/li><li><a href=\"\/wp-content\/uploads\/2020\/12\/MIT_Prospekt-Kraftmessgera\u0308t-DFGS_P2014-08.pdf\" target=\"_blank\" rel=\"noopener\">Brochure Force Gauge DFGS<\/a><\/li><li><a href=\"\/wp-content\/uploads\/2020\/12\/MIT_Brochure-Manual-Test-Stand_TSH_T2013-10.pdf\" target=\"_blank\" rel=\"noopener\">Brochure Manual Test Stand TSH<\/a><\/li><li><a href=\"\/wp-content\/uploads\/2020\/12\/MIT_Brochure-Motorized-Test-Stand-TSM_T2013-10.pdf\" target=\"_blank\" rel=\"noopener\">Brochure Motorized Test Stand TSM<\/a><\/li><li><a href=\"\/wp-content\/uploads\/2020\/12\/MIT_Brochure-Test-Bench-PTB_T2014-06.pdf\" target=\"_blank\" rel=\"noopener\">Prospekt Pr\u00fcfst\u00e4nde PTB\/FTB zur<br \/>Kabelbinder-Spannpistolenpr\u00fcfung<\/a><\/li><li><a href=\"\/wp-content\/uploads\/2020\/12\/MIT_Kabelbinder-Spannpistolenpruefung_P2015-10.pdf\" target=\"_blank\" rel=\"noopener\">Kabelbinder-Spannpistolenpr\u00fcfung<\/a><\/li><li><a href=\"\/wp-content\/uploads\/2022\/01\/MIT_Prospekt-Pruefwerkzeuge_P2022-01.pdf\" target=\"_blank\" rel=\"noopener\">Prospekt Pr\u00fcfwerkzeuge<\/a><\/li><li><a href=\"\/wp-content\/uploads\/2020\/12\/MIT_Prospekt-MAK-Pruefwerkzeuge_P2017-10.pdf\" target=\"_blank\" rel=\"noopener\">Prospekt Pr\u00fcfwerkzeuge MAK-Kontakte<\/a><\/li><li><a href=\"\/wp-content\/uploads\/2020\/12\/MIT_Prospekt-KeyTast_P2015-10.pdf\" target=\"_blank\" rel=\"noopener\">Brochure Keytast Interface<\/a><\/li><li><a href=\"\/wp-content\/uploads\/2020\/12\/MIT_Prospekt-Software-MITstat_P2013-10.pdf\" target=\"_blank\" rel=\"noopener\">Prospekt Software MI<span class=\"und\">&amp;<\/span>Tstat<\/a><\/li><li><a href=\"\/wp-content\/uploads\/2020\/12\/MIT_Prospekt-CBMS-25_P2014-08.pdf\" target=\"_blank\" rel=\"noopener\">Prospekt Crimph\u00f6henmessung<\/a><\/li><li><a href=\"\/wp-content\/uploads\/2020\/12\/MIT_Prospekt-Parallelendmasse_P2013-10.pdf\" target=\"_blank\" rel=\"noopener\">Prospekt Parallelendma\u00dfe f\u00fcr Mikrometer<\/a><\/li><li><a href=\"\/wp-content\/uploads\/2020\/12\/MIT_Brochure_Microscope_P2017-10.pdf\" target=\"_blank\" rel=\"noopener\">Prospekt Digitale Mikroskope<\/a><\/li><li><a href=\"\/wp-content\/uploads\/2020\/12\/MIT_Anzeigegenauigkeit-Tester_P2014-08.pdf\" target=\"_blank\" rel=\"noopener\">Anzeigegenauigkeit MI<span class=\"und\">&amp;<\/span>T Tester<\/a><\/li><li><a href=\"\/wp-content\/uploads\/2020\/12\/MIT_Next-Generation_P2015-01.pdf\" target=\"_blank\" rel=\"noopener\">Die Neue Generation von FTM, ATM, MTM<\/a><\/li><li><a href=\"\/wp-content\/uploads\/2020\/12\/MIT_Prospekt_RSTG_P2017_04.pdf\" target=\"_blank\" rel=\"noopener\">MI&amp;T Stuhlrollen-Testger\u00e4t RSTG<\/a><\/li><\/ul><ul><li><a href=\"\/wp-content\/uploads\/2020\/12\/MIT_Firmendaten_P2015-10.pdf\" target=\"_blank\" rel=\"noopener\">MI<span class=\"und\">&amp;<\/span>T Firmendaten<\/a><\/li><\/ul><ul><li><a href=\"\/wp-content\/uploads\/2020\/12\/MIT_Allgemeine-Geschaeftsbedingungen_V2015-01.pdf\" target=\"_blank\" rel=\"noopener\">MI<span class=\"und\">&amp;<\/span>T Allgemeine-Gesch\u00e4ftsbedingungen<\/a><\/li><\/ul>\t\t\t\t\t\t\t\t<\/div>\n\t\t\t\t<\/div>\n\t\t\t\t\t<\/div>\n\t\t<\/div>\n\t\t\t\t<div class=\"elementor-column elementor-col-50 elementor-top-column elementor-element elementor-element-1809f2c\" data-id=\"1809f2c\" data-element_type=\"column\">\n\t\t\t<div class=\"elementor-widget-wrap elementor-element-populated\">\n\t\t\t\t\t\t<div class=\"elementor-element elementor-element-3611336 elementor-widget elementor-widget-text-editor\" data-id=\"3611336\" data-element_type=\"widget\" data-widget_type=\"text-editor.default\">\n\t\t\t\t<div class=\"elementor-widget-container\">\n\t\t\t\t\t\t\t\t\t<div class=\"column2\"><h3>English download center (PDF):<\/h3><ul><li><a href=\"https:\/\/www.mit-tester.de\/wp-content\/uploads\/2026\/01\/ISO9001-Zertifikat-MIT_Englisch_2026.pdf\" target=\"_blank\" rel=\"noopener\">DIN EN ISO 9001-Certificate MI<span class=\"und\">&amp;<\/span>T<\/a><\/li><\/ul><ul><li><a href=\"https:\/\/www.mit-tester.de\/wp-content\/uploads\/2023\/11\/MIT_Catalogue_T2023-10.pdf\" target=\"_blank\" rel=\"noopener\">MI<span class=\"und\">&amp;<\/span>T Catalogue<\/a><\/li><li><a href=\"\/wp-content\/uploads\/2020\/12\/MIT_Product-Range_T2017-10.pdf\" target=\"_blank\" rel=\"noopener\">Product Range<\/a><\/li><li><a href=\"\/wp-content\/uploads\/2020\/12\/MIT_Application-Field_T2013-10.pdf\" target=\"_blank\" rel=\"noopener\">Application Field<\/a><\/li><\/ul><ul><li><a href=\"https:\/\/www.mit-tester.de\/wp-content\/uploads\/2023\/11\/MIT_Leaflet-Testers_T2023-10.pdf\" target=\"_blank\" rel=\"noopener\">MI<span class=\"und\">&amp;<\/span>T Leaflet Testers<\/a><\/li><li><a href=\"\/wp-content\/uploads\/2020\/12\/MIT_Model-Overview_T2017-10.pdf\" target=\"_blank\" rel=\"noopener\">Model Overview<\/a><\/li><li><a href=\"https:\/\/www.mit-tester.de\/wp-content\/uploads\/2023\/11\/MIT_Brochure-Universal-Test-Station-MTM_T2022-01.pdf\" target=\"_blank\" rel=\"noopener\">Brochure Universal Test Station MTM<\/a><\/li><li><a href=\"\/wp-content\/uploads\/2022\/01\/MIT_Brochure_ATM-classic_T2022-01.pdf\" target=\"_blank\" rel=\"noopener\">Brochure Motorized Teststation ATM (classic)<\/a><\/li><li><a href=\"\/wp-content\/uploads\/2022\/01\/MIT_Brochure_ATM-advanced_T2022-01.pdf\" target=\"_blank\" rel=\"noopener\">Brochure Motorized Teststation ATM (advances)<\/a><\/li><li><a href=\"\/wp-content\/uploads\/2020\/12\/MIT_Brochure-Motorized-Tester-FTM_T2013-10.pdf\" target=\"_blank\" rel=\"noopener\">Brochure Motorized Tester FTM<\/a><\/li><li><a href=\"\/wp-content\/uploads\/2020\/12\/MIT_Brochure-Digital-Tester-FTS_T2013-10.pdf\" target=\"_blank\" rel=\"noopener\">Brochure Digital Tester FTS<\/a><\/li><li><a href=\"\/wp-content\/uploads\/2022\/01\/MIT_Brochure-Heavy-duty-Test-Station-STM-25-kN_P2022-01.pdf\" target=\"_blank\" rel=\"noopener\">Brochure Heavy-duty Test Station STM 25kN<\/a><\/li><li><a href=\"\/wp-content\/uploads\/2020\/12\/MIT_Brochure-Force-Tester-PT-50_T2013-10.pdf\" target=\"_blank\" rel=\"noopener\">Brochure Brochure Pull &amp; Press Tester PT 50<\/a><\/li><li><a href=\"\/wp-content\/uploads\/2020\/12\/MIT_Brochure-Pull-Press-Tester-FT_T2013-10.pdf\" target=\"_blank\" rel=\"noopener\">Brochure Pull &amp; Press Tester FT<\/a><\/li><li><a href=\"https:\/\/www.mit-tester.de\/wp-content\/uploads\/2023\/11\/MIT_FMS-Force-Measuring-System_T2023-06.pdf\" target=\"_blank\" rel=\"noopener\">Brochure Force Measuring System FMS<\/a><\/li><li><a href=\"https:\/\/www.mit-tester.de\/wp-content\/uploads\/2023\/11\/MIT_CMS-Force-Measuring-System_T2023-06.pdf\" target=\"_blank\" rel=\"noopener\">Brochure Force Measuring System CMS<\/a><\/li><li><a href=\"\/wp-content\/uploads\/2020\/12\/MIT_Brochure-Hand-Tester-DFG_T2014-08.pdf\" target=\"_blank\" rel=\"noopener\">Brochure Hand Tester DFG<\/a><\/li><li><a href=\"\/wp-content\/uploads\/2020\/12\/MIT_Brochure-Force-Gauge-DFGS_T2014-08.pdf\" target=\"_blank\" rel=\"noopener\">Brochure Force Gauge DFGS<\/a><\/li><li><a href=\"\/wp-content\/uploads\/2020\/12\/MIT_Brochure-Manual-Test-Stand_TSH_T2013-10.pdf\" target=\"_blank\" rel=\"noopener\">Brochure Manual Test Stand TSH<\/a><\/li><li><a href=\"\/wp-content\/uploads\/2020\/12\/MIT_Brochure-Motorized-Test-Stand-TSM_T2013-10.pdf\" target=\"_blank\" rel=\"noopener\">Brochure Motorized Test Stand TSM<\/a><\/li><li><a href=\"\/wp-content\/uploads\/2020\/12\/MIT_Brochure-Test-Bench-PTB_T2014-06.pdf\" target=\"_blank\" rel=\"noopener\">Brochure Test Benches PTB\/FTB for cable tie pistols<\/a><\/li><li><a href=\"\/wp-content\/uploads\/2020\/12\/MIT_Testing-Cable-Tie-Pistols_T2015-10.pdf\" target=\"_blank\" rel=\"noopener\">Testing Cable Tie Pistols<\/a><\/li><li><a href=\"\/wp-content\/uploads\/2022\/01\/MIT_Brochure-Tools-and-Fixtures_T2022-01.pdf\" target=\"_blank\" rel=\"noopener\">Brochure Tools and Fixtures<\/a><\/li><li><a href=\"\/wp-content\/uploads\/2020\/12\/MIT_Brochure-MAK-Test-Fixtures_T2017-10.pdf\" target=\"_blank\" rel=\"noopener\">Brochure Test Fixtures for MAK contacts<\/a><\/li><li><a href=\"\/wp-content\/uploads\/2020\/12\/MIT_Brochure-KeyTast_T2015-10.pdf\" target=\"_blank\" rel=\"noopener\">Brochure Keytast Interface<\/a><\/li><li><a href=\"\/wp-content\/uploads\/2020\/12\/MIT_Brochure-Software-MITstat_T2013-10.pdf\" target=\"_blank\" rel=\"noopener\">Brochure Software MI<span class=\"und\">&amp;<\/span>Tstat<\/a><\/li><li><a href=\"\/wp-content\/uploads\/2020\/12\/MIT_Brochure-CBMS-25_T2014-08.pdf\" target=\"_blank\" rel=\"noopener\">Brochure Crimp Height Measurements<\/a><\/li><li><a href=\"\/wp-content\/uploads\/2020\/12\/MIT_Brochure-Gauge-Blocks_T2013-10.pdf\" target=\"_blank\" rel=\"noopener\">Brochure Gauge Blocks for micrometers<\/a><\/li><li><a href=\"\/wp-content\/uploads\/2020\/12\/MIT_Brochure_Microscope_P2017-10.pdf\" target=\"_blank\" rel=\"noopener\">Brochure Digital Microscopes<\/a><\/li><li><a href=\"\/wp-content\/uploads\/2020\/12\/MIT_Measuring-Accuracy-of-Testers_T2014-08.pdf\" target=\"_blank\" rel=\"noopener\">Measuring Accuracy MI<span class=\"und\">&amp;<\/span>T Tester<\/a><\/li><li><a href=\"\/wp-content\/uploads\/2020\/12\/MIT_Next-Generation_P2015-01-1.pdf\" target=\"_blank\" rel=\"noopener\">The Next Generation of FTM, ATM, MTM<\/a><\/li><li><a href=\"\/wp-content\/uploads\/2020\/12\/MIT_Prospekt_RSTG_P2017_04-1.pdf\" target=\"_blank\" rel=\"noopener\">MI&amp;T Wheel Chair Test Stand RSTG<\/a><\/li><\/ul><ul><li><a href=\"\/wp-content\/uploads\/2020\/12\/MIT_Company-Data_T2015-10.pdf\" target=\"_blank\" rel=\"noopener\">MI<span class=\"und\">&amp;<\/span>T Company Data<\/a><\/li><\/ul><\/div>\t\t\t\t\t\t\t\t<\/div>\n\t\t\t\t<\/div>\n\t\t\t\t\t<\/div>\n\t\t<\/div>\n\t\t\t\t\t<\/div>\n\t\t<\/section>\n\t\t\t\t<\/div>","protected":false},"excerpt":{"rendered":"<p>Downloads Deutsches Downloadcenter (PDF): DIN EN ISO 9001-Zerifikat MI&amp;T MI&amp;T Katalog Lieferprogramm Anwendungbeispiele MI&amp;T Prospekt Tester Modell\u00fcbersicht Prospekt Universal-Pr\u00fcfstation MTM Prospekt Motorische Pr\u00fcfstation ATM (classic) Prospekt Motorische Pr\u00fcfstation ATM (advanced) Prospekt Motorischer Tester FTM Prospekt Digital Tester FTS Prospekt Schwerlast-Pr\u00fcfstation STM 25kN Prospekt Zug-\/Druck Tester PT 50 Prospekt Zug-\/Druck Tester FT Prospekt Kraftmesssystem FMS Prospekt [&hellip;]<\/p>","protected":false},"author":1,"featured_media":0,"parent":0,"menu_order":0,"comment_status":"closed","ping_status":"closed","template":"","meta":{"footnotes":""},"class_list":["post-14","page","type-page","status-publish","hentry"],"_links":{"self":[{"href":"https:\/\/www.mit-tester.de\/en\/wp-json\/wp\/v2\/pages\/14","targetHints":{"allow":["GET"]}}],"collection":[{"href":"https:\/\/www.mit-tester.de\/en\/wp-json\/wp\/v2\/pages"}],"about":[{"href":"https:\/\/www.mit-tester.de\/en\/wp-json\/wp\/v2\/types\/page"}],"author":[{"embeddable":true,"href":"https:\/\/www.mit-tester.de\/en\/wp-json\/wp\/v2\/users\/1"}],"replies":[{"embeddable":true,"href":"https:\/\/www.mit-tester.de\/en\/wp-json\/wp\/v2\/comments?post=14"}],"version-history":[{"count":5,"href":"https:\/\/www.mit-tester.de\/en\/wp-json\/wp\/v2\/pages\/14\/revisions"}],"predecessor-version":[{"id":833,"href":"https:\/\/www.mit-tester.de\/en\/wp-json\/wp\/v2\/pages\/14\/revisions\/833"}],"wp:attachment":[{"href":"https:\/\/www.mit-tester.de\/en\/wp-json\/wp\/v2\/media?parent=14"}],"curies":[{"name":"wp","href":"https:\/\/api.w.org\/{rel}","templated":true}]}}