{"id":132,"date":"2020-12-07T09:56:36","date_gmt":"2020-12-07T08:56:36","guid":{"rendered":"https:\/\/wwp.mit-tester.de\/?page_id=132"},"modified":"2020-12-08T16:51:41","modified_gmt":"2020-12-08T15:51:41","slug":"testing-crimp-connections","status":"publish","type":"page","link":"https:\/\/www.mit-tester.de\/en\/testing-crimp-connections\/","title":{"rendered":"Testing Crimp Connections"},"content":{"rendered":"<div data-elementor-type=\"wp-page\" data-elementor-id=\"132\" class=\"elementor elementor-132\" data-elementor-post-type=\"page\">\n\t\t\t\t\t\t<section class=\"elementor-section elementor-top-section elementor-element elementor-element-17029b2 elementor-section-boxed elementor-section-height-default elementor-section-height-default\" data-id=\"17029b2\" data-element_type=\"section\">\n\t\t\t\t\t\t<div class=\"elementor-container elementor-column-gap-default\">\n\t\t\t\t\t<div class=\"elementor-column elementor-col-100 elementor-top-column elementor-element elementor-element-db600a8\" data-id=\"db600a8\" data-element_type=\"column\">\n\t\t\t<div class=\"elementor-widget-wrap elementor-element-populated\">\n\t\t\t\t\t\t<div class=\"elementor-element elementor-element-3605a57 elementor-widget elementor-widget-text-editor\" data-id=\"3605a57\" data-element_type=\"widget\" data-widget_type=\"text-editor.default\">\n\t\t\t\t<div class=\"elementor-widget-container\">\n\t\t\t\t\t\t\t\t\t<h1>Testing Crimp Connections<\/h1><h3>Pull-out force tests and crimp height measurements in the cable harness manufacturing and cable processing industry<\/h3><p>Especially in the automotive sector the cable harnesses faces ever increasing demands and must meet ever higher technical standards with regard to manufacturing, testing and evaluation of crimped connections. Also in the electrical and electronic industries the quality and reliability of electrical connections contribute to the quality of the end product.<\/p><p>For this reason a continual developing of the equipment for testing and evaluation of the products is necessary. Sophisticated measuring instruments enable the manufacturers and cable assemblers to meet the requirements of standards and company guidelines, such as the VW crimping guidelines.<\/p><p class=\"translation-block\">The regular assessment and evaluation of the crimping is a quality requirement, which is increasingly demanded in standards and company guidelines:<br>\n- Pull-off force measurement<br>\n- Crimp height, crimp width<br>\n- Insulation crimp height<br><\/p><p class=\"translation-block\">The <strong>MI&amp;T GmbH Measuring Instruments and Testers<\/strong> provides high-quality and technically advanced measuring instruments and test equipment, which are designed and manufactured in Germany.<br>Our test equipment enables<br>- tensile tests of wire terminals in accordance with DIN, EN, MIL, SAE, BS, NASA and IEC standards<br>- the compliance of the high demands on the quality control<br>- improved product quality<br>- the compliance with industry standards and company guidelines, e.g. VW crimp group standard<br>- the easy integration in production systems<\/p><p class=\"translation-block\">The versatile <strong>MI&amp;T<\/strong> measuring instruments and testers in combination with application specific clamping tools and test fixtures provide flexible test systems e.g. for testing crimped terminals, wire connections, end sleeves, connector parts as well as testing (ultrasonic) welded connections, carbon brushes, cable tie tighten pistols and for cable insulation pull-off tests.<br>\nIn principle all types of connections as crimping, pressing, welding, soldering, gluing etc. can be tested.<\/p><p class=\"translation-block\">For quick, easy to operate measurements, data evaluation and recording our product range of force testers provides manually operated testers as well as motorized test stations for tests with constant test speeds, depending on customer\u2019s test requirements.<\/p><p>For the acquisition of measured data, statistical evaluation and archiving the MI&amp;T offers the PC software MI&amp;Tstat.<br><br>\nFurthermore MI&amp;T offers suitable micrometers for crimp height measurements.<\/p>\t\t\t\t\t\t\t\t<\/div>\n\t\t\t\t<\/div>\n\t\t\t\t<div class=\"elementor-element elementor-element-c7e84d1 gallery-spacing-custom elementor-widget elementor-widget-image-gallery\" data-id=\"c7e84d1\" data-element_type=\"widget\" data-widget_type=\"image-gallery.default\">\n\t\t\t\t<div class=\"elementor-widget-container\">\n\t\t\t\t\t\t\t<div class=\"elementor-image-gallery\">\n\t\t\t<div id='gallery-1' class='gallery galleryid-132 gallery-columns-5 gallery-size-medium'><figure class='gallery-item'>\n\t\t\t<div class='gallery-icon portrait'>\n\t\t\t\t<a data-elementor-open-lightbox=\"yes\" data-elementor-lightbox-slideshow=\"c7e84d1\" data-elementor-lightbox-title=\"Manual Tester\" data-e-action-hash=\"#elementor-action%3Aaction%3Dlightbox%26settings%3DeyJpZCI6MTM4LCJ1cmwiOiJodHRwczpcL1wvd3d3Lm1pdC10ZXN0ZXIuZGVcL3dwLWNvbnRlbnRcL3VwbG9hZHNcLzIwMjBcLzEyXC8wMV9iaWcuanBnIiwic2xpZGVzaG93IjoiYzdlODRkMSJ9\" href='https:\/\/www.mit-tester.de\/wp-content\/uploads\/2020\/12\/01_big.jpg'><img fetchpriority=\"high\" decoding=\"async\" width=\"295\" height=\"300\" src=\"https:\/\/www.mit-tester.de\/wp-content\/uploads\/2020\/12\/01_big-295x300.jpg\" class=\"attachment-medium size-medium\" alt=\"\" aria-describedby=\"gallery-1-138\" srcset=\"https:\/\/www.mit-tester.de\/wp-content\/uploads\/2020\/12\/01_big-295x300.jpg 295w, https:\/\/www.mit-tester.de\/wp-content\/uploads\/2020\/12\/01_big-1007x1024.jpg 1007w, https:\/\/www.mit-tester.de\/wp-content\/uploads\/2020\/12\/01_big-768x781.jpg 768w, https:\/\/www.mit-tester.de\/wp-content\/uploads\/2020\/12\/01_big.jpg 1400w\" sizes=\"(max-width: 295px) 100vw, 295px\" \/><\/a>\n\t\t\t<\/div>\n\t\t\t\t<figcaption class='wp-caption-text gallery-caption' id='gallery-1-138'>\n\t\t\t\tManual Tester\n\t\t\t\t<\/figcaption><\/figure><figure class='gallery-item'>\n\t\t\t<div class='gallery-icon landscape'>\n\t\t\t\t<a data-elementor-open-lightbox=\"yes\" data-elementor-lightbox-slideshow=\"c7e84d1\" data-elementor-lightbox-title=\"Motorized Test Station\" data-e-action-hash=\"#elementor-action%3Aaction%3Dlightbox%26settings%3DeyJpZCI6MTM5LCJ1cmwiOiJodHRwczpcL1wvd3d3Lm1pdC10ZXN0ZXIuZGVcL3dwLWNvbnRlbnRcL3VwbG9hZHNcLzIwMjBcLzEyXC8wMl9iaWcuanBnIiwic2xpZGVzaG93IjoiYzdlODRkMSJ9\" href='https:\/\/www.mit-tester.de\/wp-content\/uploads\/2020\/12\/02_big.jpg'><img decoding=\"async\" width=\"300\" height=\"269\" src=\"https:\/\/www.mit-tester.de\/wp-content\/uploads\/2020\/12\/02_big-300x269.jpg\" class=\"attachment-medium size-medium\" alt=\"\" aria-describedby=\"gallery-1-139\" srcset=\"https:\/\/www.mit-tester.de\/wp-content\/uploads\/2020\/12\/02_big-300x269.jpg 300w, https:\/\/www.mit-tester.de\/wp-content\/uploads\/2020\/12\/02_big-1024x919.jpg 1024w, https:\/\/www.mit-tester.de\/wp-content\/uploads\/2020\/12\/02_big-768x690.jpg 768w, https:\/\/www.mit-tester.de\/wp-content\/uploads\/2020\/12\/02_big-1536x1379.jpg 1536w, https:\/\/www.mit-tester.de\/wp-content\/uploads\/2020\/12\/02_big-2048x1839.jpg 2048w\" sizes=\"(max-width: 300px) 100vw, 300px\" \/><\/a>\n\t\t\t<\/div>\n\t\t\t\t<figcaption class='wp-caption-text gallery-caption' id='gallery-1-139'>\n\t\t\t\tMotorized Test Station\n\t\t\t\t<\/figcaption><\/figure><figure class='gallery-item'>\n\t\t\t<div class='gallery-icon landscape'>\n\t\t\t\t<a data-elementor-open-lightbox=\"yes\" data-elementor-lightbox-slideshow=\"c7e84d1\" data-elementor-lightbox-title=\"Testing Tools\" data-e-action-hash=\"#elementor-action%3Aaction%3Dlightbox%26settings%3DeyJpZCI6MTQwLCJ1cmwiOiJodHRwczpcL1wvd3d3Lm1pdC10ZXN0ZXIuZGVcL3dwLWNvbnRlbnRcL3VwbG9hZHNcLzIwMjBcLzEyXC8wM19iaWcuanBnIiwic2xpZGVzaG93IjoiYzdlODRkMSJ9\" href='https:\/\/www.mit-tester.de\/wp-content\/uploads\/2020\/12\/03_big.jpg'><img decoding=\"async\" width=\"300\" height=\"200\" src=\"https:\/\/www.mit-tester.de\/wp-content\/uploads\/2020\/12\/03_big-300x200.jpg\" class=\"attachment-medium size-medium\" alt=\"\" aria-describedby=\"gallery-1-140\" srcset=\"https:\/\/www.mit-tester.de\/wp-content\/uploads\/2020\/12\/03_big-300x200.jpg 300w, https:\/\/www.mit-tester.de\/wp-content\/uploads\/2020\/12\/03_big-1024x683.jpg 1024w, https:\/\/www.mit-tester.de\/wp-content\/uploads\/2020\/12\/03_big-768x512.jpg 768w, https:\/\/www.mit-tester.de\/wp-content\/uploads\/2020\/12\/03_big.jpg 1080w\" sizes=\"(max-width: 300px) 100vw, 300px\" \/><\/a>\n\t\t\t<\/div>\n\t\t\t\t<figcaption class='wp-caption-text gallery-caption' id='gallery-1-140'>\n\t\t\t\tTesting Tools\n\t\t\t\t<\/figcaption><\/figure><figure class='gallery-item'>\n\t\t\t<div class='gallery-icon landscape'>\n\t\t\t\t<a data-elementor-open-lightbox=\"yes\" data-elementor-lightbox-slideshow=\"c7e84d1\" data-elementor-lightbox-title=\"Software\" data-e-action-hash=\"#elementor-action%3Aaction%3Dlightbox%26settings%3DeyJpZCI6MTQxLCJ1cmwiOiJodHRwczpcL1wvd3d3Lm1pdC10ZXN0ZXIuZGVcL3dwLWNvbnRlbnRcL3VwbG9hZHNcLzIwMjBcLzEyXC8wNF9iaWcuanBnIiwic2xpZGVzaG93IjoiYzdlODRkMSJ9\" href='https:\/\/www.mit-tester.de\/wp-content\/uploads\/2020\/12\/04_big.jpg'><img loading=\"lazy\" decoding=\"async\" width=\"300\" height=\"220\" src=\"https:\/\/www.mit-tester.de\/wp-content\/uploads\/2020\/12\/04_big-300x220.jpg\" class=\"attachment-medium size-medium\" alt=\"\" aria-describedby=\"gallery-1-141\" srcset=\"https:\/\/www.mit-tester.de\/wp-content\/uploads\/2020\/12\/04_big-300x220.jpg 300w, https:\/\/www.mit-tester.de\/wp-content\/uploads\/2020\/12\/04_big-1024x751.jpg 1024w, https:\/\/www.mit-tester.de\/wp-content\/uploads\/2020\/12\/04_big-768x563.jpg 768w, https:\/\/www.mit-tester.de\/wp-content\/uploads\/2020\/12\/04_big.jpg 1031w\" sizes=\"(max-width: 300px) 100vw, 300px\" \/><\/a>\n\t\t\t<\/div>\n\t\t\t\t<figcaption class='wp-caption-text gallery-caption' id='gallery-1-141'>\n\t\t\t\tSoftware\n\t\t\t\t<\/figcaption><\/figure><figure class='gallery-item'>\n\t\t\t<div class='gallery-icon landscape'>\n\t\t\t\t<a data-elementor-open-lightbox=\"yes\" data-elementor-lightbox-slideshow=\"c7e84d1\" data-elementor-lightbox-title=\"Crimp height micrometer\" data-e-action-hash=\"#elementor-action%3Aaction%3Dlightbox%26settings%3DeyJpZCI6MTQyLCJ1cmwiOiJodHRwczpcL1wvd3d3Lm1pdC10ZXN0ZXIuZGVcL3dwLWNvbnRlbnRcL3VwbG9hZHNcLzIwMjBcLzEyXC8wNV9iaWcuanBnIiwic2xpZGVzaG93IjoiYzdlODRkMSJ9\" href='https:\/\/www.mit-tester.de\/wp-content\/uploads\/2020\/12\/05_big.jpg'><img loading=\"lazy\" decoding=\"async\" width=\"300\" height=\"109\" src=\"https:\/\/www.mit-tester.de\/wp-content\/uploads\/2020\/12\/05_big-300x109.jpg\" class=\"attachment-medium size-medium\" alt=\"\" aria-describedby=\"gallery-1-142\" srcset=\"https:\/\/www.mit-tester.de\/wp-content\/uploads\/2020\/12\/05_big-300x109.jpg 300w, https:\/\/www.mit-tester.de\/wp-content\/uploads\/2020\/12\/05_big-768x279.jpg 768w, https:\/\/www.mit-tester.de\/wp-content\/uploads\/2020\/12\/05_big.jpg 1000w\" sizes=\"(max-width: 300px) 100vw, 300px\" \/><\/a>\n\t\t\t<\/div>\n\t\t\t\t<figcaption class='wp-caption-text gallery-caption' id='gallery-1-142'>\n\t\t\t\tCrimp height micrometer\n\t\t\t\t<\/figcaption><\/figure>\n\t\t<\/div>\n\t\t<\/div>\n\t\t\t\t\t\t<\/div>\n\t\t\t\t<\/div>\n\t\t\t\t\t<\/div>\n\t\t<\/div>\n\t\t\t\t\t<\/div>\n\t\t<\/section>\n\t\t\t\t<\/div>","protected":false},"excerpt":{"rendered":"<p>Pr\u00fcfung von Crimpverbindungen Auszugskraftmessung und Crimph\u00f6henmessung in der Kabelkonfektion und kabelverarbeitenden Industrie. Vor allem im Automobilbereich werden an die Kabelkonfektionierung immer h\u00f6here Anforderungen hinsichtlich Herstellung, Pr\u00fcfung und Beurteilung von Crimpverbindungen gestellt. Auch in der Elektro- und Elektronikindustrie tr\u00e4gt die Qualit\u00e4t und Zuverl\u00e4ssigkeit der elektrischen Verbindungen zur Qualit\u00e4t des Endproduktes bei. Aus diesem Grund m\u00fcssen die [&hellip;]<\/p>","protected":false},"author":1,"featured_media":0,"parent":0,"menu_order":0,"comment_status":"closed","ping_status":"closed","template":"","meta":{"footnotes":""},"class_list":["post-132","page","type-page","status-publish","hentry"],"_links":{"self":[{"href":"https:\/\/www.mit-tester.de\/en\/wp-json\/wp\/v2\/pages\/132","targetHints":{"allow":["GET"]}}],"collection":[{"href":"https:\/\/www.mit-tester.de\/en\/wp-json\/wp\/v2\/pages"}],"about":[{"href":"https:\/\/www.mit-tester.de\/en\/wp-json\/wp\/v2\/types\/page"}],"author":[{"embeddable":true,"href":"https:\/\/www.mit-tester.de\/en\/wp-json\/wp\/v2\/users\/1"}],"replies":[{"embeddable":true,"href":"https:\/\/www.mit-tester.de\/en\/wp-json\/wp\/v2\/comments?post=132"}],"version-history":[{"count":5,"href":"https:\/\/www.mit-tester.de\/en\/wp-json\/wp\/v2\/pages\/132\/revisions"}],"predecessor-version":[{"id":568,"href":"https:\/\/www.mit-tester.de\/en\/wp-json\/wp\/v2\/pages\/132\/revisions\/568"}],"wp:attachment":[{"href":"https:\/\/www.mit-tester.de\/en\/wp-json\/wp\/v2\/media?parent=132"}],"curies":[{"name":"wp","href":"https:\/\/api.w.org\/{rel}","templated":true}]}}