{"id":12,"date":"2020-12-03T18:06:12","date_gmt":"2020-12-03T17:06:12","guid":{"rendered":"https:\/\/wwp.mit-tester.de\/?page_id=12"},"modified":"2025-11-17T11:03:40","modified_gmt":"2025-11-17T10:03:40","slug":"news","status":"publish","type":"page","link":"https:\/\/www.mit-tester.de\/en\/news\/","title":{"rendered":"News"},"content":{"rendered":"<div data-elementor-type=\"wp-page\" data-elementor-id=\"12\" class=\"elementor elementor-12\" data-elementor-post-type=\"page\">\n\t\t\t\t\t\t<section class=\"elementor-section elementor-top-section elementor-element elementor-element-f93ed42 elementor-section-boxed elementor-section-height-default elementor-section-height-default\" data-id=\"f93ed42\" data-element_type=\"section\">\n\t\t\t\t\t\t<div class=\"elementor-container elementor-column-gap-default\">\n\t\t\t\t\t<div class=\"elementor-column elementor-col-100 elementor-top-column elementor-element elementor-element-83ec7a6\" data-id=\"83ec7a6\" data-element_type=\"column\">\n\t\t\t<div class=\"elementor-widget-wrap elementor-element-populated\">\n\t\t\t\t\t\t<div class=\"elementor-element elementor-element-7a2f838 elementor-widget elementor-widget-text-editor\" data-id=\"7a2f838\" data-element_type=\"widget\" data-widget_type=\"text-editor.default\">\n\t\t\t\t<div class=\"elementor-widget-container\">\n\t\t\t\t\t\t\t\t\t<h1>News<\/h1><h3>Productronica Trade Fair 2025<\/h3><p>After exhibiting at every Productronica trade fair over the past few decades, we have decided, after careful consideration and deliberation, not to exhibit at Productronica 2025.<\/p><p>Due to the various global crises and economic developments over the last 12-24 months, we do not expect a sufficient number of visitors at the trade fair to justify the high costs associated with participating as an exhibitor.<\/p><p>We are happy to answer any questions and provide technical information about our products by phone or email.<\/p><hr \/><h3>Novelties at the Productronica 2023 trade fair<\/h3><p>We present the latest versio of our FMS 50B CHM force measuring system for checking the measuring force of crimp height measuring devices (e.g. Komax 341, Schleuniger CHM, Mitutoyo, e.t.c.) and the FMS K30 kN force measuring system for monitoring the pressing force of pneumatic and hydraulic crimping pliers up to 30 kN.<\/p><hr \/><h3>WE ARE EXHIBITING<\/h3><p><strong>Productronica 2023<\/strong><br \/>World's leading trade fair for electronics development and production \nfrom November 14 - 17, 2023<\/p><p>New Munich Trade Fair Centre<br \/>Hall B4, Stand no. 370\u00a0<br \/>Download: <a href=\"https:\/\/www.mit-tester.de\/wp-content\/uploads\/2023\/09\/MIT-Fair-Invitation_Productronica-2023.pdf\" target=\"_blank\" rel=\"noopener\">Productronica Fair Invitation<\/a><\/p><p>We will be presenting the latest generations of our MTM and ATM test \nequipment series, our STM 25 kN test station, and new force measurement \nsystems for various applications.<\/p><p>If you desire a free voucher for a day ticket for your visit to the fair \nplease just contact us at info@MIT-Tester.de<\/p><hr \/><h3>NOVELTY<\/h3><p><strong>Presentation of the new successor version of ATM Test Station<br \/><\/strong>with a new control panel with a large touch screen for controlling of drive and measuring system.<\/p><p>The new successor version ATM advanced (ATM-A) with extended functions is now available in addition to the successful model series ATM classic version (ATM-C)<\/p><p>Download: <a href=\"https:\/\/www.mit-tester.de\/wp-content\/uploads\/2022\/01\/MIT_Brochure_ATM-advanced_T2022-01.pdf\" target=\"_blank\" rel=\"noopener\">Brochure ATM advanved version<\/a><\/p><hr \/><h3>NOVELTY<\/h3><p><strong>Heavy-duty test station STM 25 kN<\/strong><br \/>The latest version of the STM series with extended functions was presented at Productronica Fair 2021. Compact and easy-to-use 25 kN test station with touch control panel for controlling of drive and measuring system for tensile and compressive force measurements, equipped with quick change tool receptions.<\/p><p>Download: <a href=\"https:\/\/www.mit-tester.de\/wp-content\/uploads\/2022\/01\/MIT_Brochure-Heavy-duty-Test-Station-STM-25-kN_P2022-01.pdf\" target=\"_blank\" rel=\"noopener\">Brochure STM 25 kN<\/a><\/p><hr \/><h3>WE ARE EXHIBITING<\/h3><p><strong>Productronica 2021\u00a0<\/strong><br \/>World's leading trade fair for electronics development and production from November 16 - 19, 2021<\/p><p>New Munich Trade Fair Centre<br \/>Hall B4, Stand no. 214<br \/>Download: <a href=\"https:\/\/www.mit-tester.de\/wp-content\/uploads\/2021\/09\/MIT-Fair-Invitation_Productronica-2021.pdf\" target=\"_blank\" rel=\"noopener\">Productronica Fair Invitation<\/a><\/p><hr \/><h3>WE ARE EXHIBITING<\/h3><p><strong>Productronica 2019<\/strong><br \/>World's leading trade fair for electronics development and production from November 12 - 15, 2019<\/p><p>New Munich Trade Fair Centre<br \/>Hall A5, Stand no. 432<br \/>Download: <a title=\"Productronica Fair Invitation\" href=\"\/wp-content\/uploads\/2020\/12\/MIT-Messeeinladung_Productronica-2019.pdf\" target=\"_blank\" rel=\"noopener\">Productronica Fair Invitation<\/a><\/p><hr \/><h3>FAIR NOVELTY<\/h3><p><strong>Digital Microscopes with display<\/strong><br \/>for optical quality control, optical inspection of strippung, crimp quality, welded joint and repair of PCB's and components etc.<\/p><p>Download: <a title=\"Brochure Microscopes\" href=\"\/wp-content\/uploads\/2020\/12\/MIT_Brochure_Microscope_P2017-10.pdf\" target=\"_blank\" rel=\"noopener\">Brochure Microscopes<\/a><\/p><hr \/><h3>TEST STATION STM 25kN: IMPROVED NEW VERSION 2017<\/h3><p>We present you the latest evolution of our Heavy-duty Test Staion STM 25kN at Productronica 2017 fair.<\/p><p>Download: <a title=\"Brochure Test Station STM 25kN\" href=\"\/wp-content\/uploads\/2021\/01\/MIT_Brochure_STM-25_T2019-10.pdf\" target=\"_blank\" rel=\"noopener\">Brochure Test Station STM 25kN<\/a><\/p><hr \/><h3>WE ARE EXHIBITING<\/h3><p><strong>Productronica 2017<\/strong><\/p><p>World's leading trade fair for electronics development and production from November 14 - 17, 2017<\/p><p>New Munich Trade Fair Centre<br \/>Hall A5, Stand no. 432<br \/>Download: <a title=\"Productronica Fair Invitation\" href=\"\/wp-content\/uploads\/2020\/12\/MIT_Messeeinladung_Productronica_2017.pdf\" target=\"_blank\" rel=\"noopener\">Productronica Fair Invitation<\/a><\/p><hr \/><h3>NEW PRODUCT<\/h3><p><strong>Wheel Chair Test Stand RSTG<br \/><\/strong><br \/>Test stand for determining the wear of textile and flexible floor coverings, coatings, parquets and laminate flooring under the influence of chair castors and rollers.<br>\nTest device for tests according to DIN EN 985, DEN EN 425 and ISO 4918.<\/p><p>Download: <a href=\"\/wp-content\/uploads\/2020\/12\/MIT_Prospekt_RSTG_P2017_04.pdf\" target=\"_blank\" rel=\"noopener\">Brochure Wheel Chair Test Stand RSTG<\/a><\/p><hr \/><h3>WE ARE EXHIBITING<\/h3><p><strong>Productronica 2015<\/strong><\/p><p>World's leading trade fair for electronics development and production from November 10 - 13, 2015<\/p><p>New Munich Trade Fair Centre<br \/>Halle B2, Stand Nr. 134<br \/>Download: <a title=\"Productronica Fair Invitation\" href=\"\/wp-content\/uploads\/2020\/12\/MIT_Messeeinladung_Productronica_2015.pdf\" target=\"_blank\" rel=\"noopener\">Productronica Fair Invitation<\/a><\/p><hr \/><h3>WE ARE EXHIBITING<\/h3><p><strong>Productronica 2013<\/strong><\/p><p>20th international trade fair for innovative electronics production November 12 - 15, 2013 at the<\/p><p>New Munich Trade Fair Centre<br \/>Halle B3, Stand Nr. 134<\/p><p>Download: <a title=\"Laden Sie sich hier die Einladung runter\" href=\"\/wp-content\/uploads\/2020\/12\/MIT_Fair_Invitation_Productronica_2013.pdf\" target=\"_blank\" rel=\"noopener\">Invitation for Productronica 2013 Fair<\/a><\/p><hr \/><h3>NEW PRODUCT<\/h3><p>Heavy-duty Test Station Model STM 50 kN<br \/>Motorized Test Station with motor-driven clamping device for tests up to 50 kN<\/p><p>Download: <a href=\"\/wp-content\/uploads\/2020\/12\/MIT_Brochure-Heavy-duty-Test-Station-STM-50kN_T2013-10.pdf\" target=\"_blank\" rel=\"noopener\">Brochure Heavy-duty Test Station Model STM 50 kN<\/a><\/p><hr \/><h3>NEW PRODUCT<\/h3><p>Keytast Interface<br \/>for direct data acquisition of measured values in PC programs (e. g. MS Excel)<\/p><p>Download: <a href=\"\/wp-content\/uploads\/2020\/12\/MIT_Brochure-Keytast_T2013-10.pdf\" target=\"_blank\" rel=\"noopener\">Brochure Keytast Interface<\/a><\/p><hr \/><h3>NEW PRODUCT<\/h3><p>Hand Tester DFG with internal load cell for tension and compression tests, small and handy unit for mobile use and stationary use with test stands<\/p><p>Download: <a href=\"\/wp-content\/uploads\/2020\/12\/MIT_Brochure-Hand-Tester-DFG_T2014-08.pdf\" target=\"_blank\" rel=\"noopener\">Brochure Hand Tester DFG<\/a><\/p><hr \/><h3>NEW PRODUCT<\/h3><p>Digital Force Gauge DFGS with external load cell for tension and compression tests, for the use with different load cells with varying load ranges<\/p><p class=\"translation-block\">Download: <a href=\"\/wp-content\/uploads\/2020\/12\/MI&amp;T_Brochure Force Gauge DFGS_T2014-08.pdf\" target=\"_blank\" rel=\"noopener\">Brochure Force Gauge DFGS<\/a><\/p><hr \/><h3>NEW PRODUCT<\/h3><p>Vertical Test Stands, model TSH manually operated by handwheel and model TSM with motor drive<\/p><p>Download: <a href=\"\/wp-content\/uploads\/2020\/12\/MIT_Brochure-Motorized-Test-Stand-TSM_T2013-10.pdf\" target=\"_blank\" rel=\"noopener\">Brochure Motorized Test Stand TSM<\/a><br \/>Download: <a href=\"\/wp-content\/uploads\/2020\/12\/MIT_Brochure-Manual-Test-Stand_TSH_T2013-10.pdf\" target=\"_blank\" rel=\"noopener\">Brochure Manual Test Stand TSH<\/a><\/p><hr \/><h3>NEW PRODUCT<\/h3><p>Testing manually operated cable tie tighten pistol with motor-driven actuation of the trigger<\/p><p>Special tool set for testing manually operated cable tie tighten pistols, which enables to actuate the trigger of manually operated cable tie pistols with a constant actuating speed, in order to avoid influences to the test procedure by different ways of actuation of the pistol trigger by the operator.<\/p><p>Download: <a href=\"#\" target=\"_blank\" rel=\"noopener\">Brochure Testing Cable Tie Pistols<\/a><\/p><hr \/><h3>Now available: The Next Generation 2013<\/h3><p>The continuous improvement and further development of the since many years well-proven testers and test stations of model series FTM, ATM and MTM of our product range led to the new improved versions of the tester models with new enhanced design.<\/p><p>Download: <a href=\"#\" target=\"_blank\" rel=\"noopener\">MI&amp;T \u2013 The Next Generation<\/a><\/p><hr \/><h3>NEW PRODUCT<\/h3><p>Small and handy test benches for testing the tension force of cable tie tighten psitols (tie rap guns)<\/p><p>Download: <a href=\"\/wp-content\/uploads\/2020\/12\/MIT_Brochure-Test-Bench-PTB_T2013-10.pdf\" target=\"_blank\" rel=\"noopener\">Brochure Test Benches PTB and FTB<\/a><\/p><hr \/><h3>We are exhibiting:<\/h3><p><strong>Productronica 2011<\/strong><\/p><p>19th international trade fair for innovative electronics production November 15-18, 2011 at the<\/p><p><em>New Munich Trade Fair Centre<br \/>Halle B3, Stand Nr. 134<\/em><\/p><hr \/><h3>new products:<\/h3><p>Space-saving testers with hand lever actuation<br \/>Cable Testers Model PTC 50 and FTC<br \/>Pull &amp; Press Testers Model PTH 50 and FTH<\/p><p>Download: <a href=\"#\" target=\"_blank\" rel=\"noopener\">Brochure PTC and PTH 50<br \/><\/a>Download: <a href=\"#\" target=\"_blank\" rel=\"noopener\">Brochure FTC and FTH<br \/><\/a><\/p><hr \/><h3>New Accessories:<\/h3><p><strong>Micrometers e. g. for Crimp Height Measurements<\/strong><\/p><p>Micrometers &amp; Caliper for the Crimp Height Measurement<\/p><p>Download: <a href=\"#\" target=\"_blank\" rel=\"noopener\">Brochure CMS<br \/><\/a><\/p><hr \/><h3>Special Offer:<\/h3><p><strong>Zugtester Modell EPT 50<\/strong><br \/>Platzsparendes Pr\u00fcfger\u00e4t f\u00fcr Zugkraftmessungen z.B. an konfektionierten Zuleitungen mit Flachsteckern, Kabelschuhen, Aderendh\u00fclsen und anderen angepressten, gecrimpten, gel\u00f6teten, geschwei\u00dften, geklebten oder vergleichbar verbundenen Teilen.<\/p><p><strong>Aktionspreis: 1.500,- \u20ac zzgl. MwSt.<\/strong><br \/>Nur solange der Vorrat reicht.<\/p><p><strong><a title=\"DOWNLOAD PDF Sonderaktion EPT50\" href=\"#\" target=\"_blank\" rel=\"noopener\">Sonderaktion EPT50<\/a><\/strong><\/p><h3>Special Offer:<\/h3><p><strong>Pull Tester Model EPT 50<\/strong><br \/>Space-saving tester for pull-off force testes at crimped terminals, connectors, end sleeves and other pressed, glued and soldered parts.<\/p><p><strong>Special offer price: \u20ac 1.500,-<\/strong><br \/>Special offer while supplies last.<\/p><p><strong><a title=\"DOWNLOAD PDF Special Offer EPT50\" href=\"#\" target=\"_blank\" rel=\"noopener\">Special Offer EPT50<\/a><\/strong><\/p><hr \/>\t\t\t\t\t\t\t\t<\/div>\n\t\t\t\t<\/div>\n\t\t\t\t<div class=\"elementor-element elementor-element-960b9d8 elementor-widget elementor-widget-text-editor\" data-id=\"960b9d8\" data-element_type=\"widget\" data-widget_type=\"text-editor.default\">\n\t\t\t\t<div class=\"elementor-widget-container\">\n\t\t\t\t\t\t\t\t\t<h3>Entwicklung kundenspezifischer Steuerungen:<\/h3><p>Das Dienstleistungsangebot der MI<span class=\"und\">&amp;<\/span>T GmbH umfasst die Entwicklung von kundenspezifischer Zusatz-Hard- und Software sowie von Speziall\u00f6sungen elektronischer Steuerungen im industriellen Steuerungsbereich (embedded Hard- und Software) mit Mikroprozessoren oder programmierbaren Logikbausteinen (FPGA, auch mit Ethernet-Anschluss), sowohl als anwendungsspezifische Einzelanfertigung als auch in Kleinserien. Unser Dienstleistungsangebot umfasst in diesem Bereich auch kundenspezifische Programmierungen.<\/p><h3>Design of customer-specific control units:<\/h3><p>The MI<span class=\"und\">&amp;<\/span>T offers to design customer-specific additional hard- and software as well as special solutions of electronic control systems in the field of industrial control units (embedded hard- and software) with microprocessor or programmable logic module (FPGA, also with Ethernet connection), both as custom-designed single unit production as well as small-batch production models. In this field of application our range of services offered comprises customer-specific programming also.<\/p>\t\t\t\t\t\t\t\t<\/div>\n\t\t\t\t<\/div>\n\t\t\t\t\t<\/div>\n\t\t<\/div>\n\t\t\t\t\t<\/div>\n\t\t<\/section>\n\t\t\t\t<\/div>","protected":false},"excerpt":{"rendered":"<p>News Productronia Messe 2025 Nachdem wir in den letzten Jahrzehnten auf jeder Productronica Messe ausgestellt haben, haben wir uns nach eingehender \u00dcberlegung und Abw\u00e4gung entschieden, auf der Productronica 2025 nicht auszustellen. Aufgrund der verschiedenen weltweiten Krisen und der \u00f6konomischen Entwicklung der letzten 12-24 Monate erwarten wir keine ausreichende Anzahl an Besuchern auf der Messe, die [&hellip;]<\/p>","protected":false},"author":1,"featured_media":0,"parent":0,"menu_order":0,"comment_status":"closed","ping_status":"closed","template":"","meta":{"footnotes":""},"class_list":["post-12","page","type-page","status-publish","hentry"],"_links":{"self":[{"href":"https:\/\/www.mit-tester.de\/en\/wp-json\/wp\/v2\/pages\/12","targetHints":{"allow":["GET"]}}],"collection":[{"href":"https:\/\/www.mit-tester.de\/en\/wp-json\/wp\/v2\/pages"}],"about":[{"href":"https:\/\/www.mit-tester.de\/en\/wp-json\/wp\/v2\/types\/page"}],"author":[{"embeddable":true,"href":"https:\/\/www.mit-tester.de\/en\/wp-json\/wp\/v2\/users\/1"}],"replies":[{"embeddable":true,"href":"https:\/\/www.mit-tester.de\/en\/wp-json\/wp\/v2\/comments?post=12"}],"version-history":[{"count":5,"href":"https:\/\/www.mit-tester.de\/en\/wp-json\/wp\/v2\/pages\/12\/revisions"}],"predecessor-version":[{"id":823,"href":"https:\/\/www.mit-tester.de\/en\/wp-json\/wp\/v2\/pages\/12\/revisions\/823"}],"wp:attachment":[{"href":"https:\/\/www.mit-tester.de\/en\/wp-json\/wp\/v2\/media?parent=12"}],"curies":[{"name":"wp","href":"https:\/\/api.w.org\/{rel}","templated":true}]}}