{"id":10,"date":"2020-12-03T18:06:03","date_gmt":"2020-12-03T17:06:03","guid":{"rendered":"https:\/\/wwp.mit-tester.de\/?page_id=10"},"modified":"2020-12-07T12:16:37","modified_gmt":"2020-12-07T11:16:37","slug":"service","status":"publish","type":"page","link":"https:\/\/www.mit-tester.de\/en\/service\/","title":{"rendered":"Service"},"content":{"rendered":"<div data-elementor-type=\"wp-page\" data-elementor-id=\"10\" class=\"elementor elementor-10\" data-elementor-post-type=\"page\">\n\t\t\t\t\t\t<section class=\"elementor-section elementor-top-section elementor-element elementor-element-e51c189 elementor-section-boxed elementor-section-height-default elementor-section-height-default\" data-id=\"e51c189\" data-element_type=\"section\">\n\t\t\t\t\t\t<div class=\"elementor-container elementor-column-gap-default\">\n\t\t\t\t\t<div class=\"elementor-column elementor-col-100 elementor-top-column elementor-element elementor-element-989564c\" data-id=\"989564c\" data-element_type=\"column\">\n\t\t\t<div class=\"elementor-widget-wrap elementor-element-populated\">\n\t\t\t\t\t\t<div class=\"elementor-element elementor-element-435043d elementor-widget elementor-widget-text-editor\" data-id=\"435043d\" data-element_type=\"widget\" data-widget_type=\"text-editor.default\">\n\t\t\t\t<div class=\"elementor-widget-container\">\n\t\t\t\t\t\t\t\t\t<div id=\"center_col\" class=\"dienstleistungen_center-col\"><div id=\"dienstleistungen_content\" class=\"content_content\"><h1 id=\"dienstleistungen_h1\" class=\"content_headline\">Service<\/h1><h3>Competence for your measuring instruments and testers:<\/h3><p class=\"translation-block\">Accurate results of measurement are essential for the valuation of the quality and reliability of your products.\nCalibration at regular intervals and faultless operating measuring instruments are the precondition for verifiable reliable measuring data. Furthermore the calibration of measuring units is a binding regulation in many standards.<br>\nThe qualified team of the <strong>MI&amp;T GmbH<\/strong> offers a wide variety of services in the field of service, calibration and repairs of measuring instruments and testers manufactured by our company, as well as for measuring instruments, testers and micrometers of other manufacturers.<\/p><p>Of course all calibrations carried out by <strong>MI&amp;T GmbH<\/strong> are traceable to the national standard of Germany.<\/p><p>In case of repairs we use exclusively original spare and wear parts of the respective manufacturer.<\/p><h3>Tool, fixture and device manufacturing:<\/h3><p class=\"translation-block\">In addition to the comprehensive range of standard clamping tools and test fixtures the <strong>MI&amp;T<\/strong> offers customer specific clamping tools and test fixtures, as well as tools and devices for all kinds of application. The services rendered by <strong>MI&amp;T<\/strong> include the conception, design, construction and manufacture of tools and devices. <strong>MI&amp;T<\/strong> will provide an individual solution from idea and design to tool and device construction right up to manufacture and assembly, exactly to the customer\u2019s requirements. From product conception and design, through construction, manufacturing and service all the company\u2019s activities lead to providing high-quality tools and devices in terms of both performance and reliability.<\/p><h3>Industrial Control Units:<\/h3><p class=\"translation-block\">The <strong>MI&amp;T<\/strong> offers to design customer-specific additional hard- and software for our force measuring and testing instruments, but also special solutions of electronic control systems in the field of industrial control units (embedded hard- and software) with microprocessor or programmable logic module (FPGA, also with Ethernet connection), both as custom-designed single unit production as well as small-batch production models. In this field of application our range of services offered comprises customer-specific programming also.<\/p><h3>Consulting, Training and Workshops:<\/h3><p class=\"translation-block\">The <strong>MI&amp;T<\/strong> provides consulting services, staff training and workshops on the topics of quality management, quality assurance, quality (FMEA), crimping, soldering, maintenance for crimp presses and preparation, micrograph generation and analysis of crimps, naturally also on-site in your company or at any other location of your choice.<\/p><\/div><\/div>\t\t\t\t\t\t\t\t<\/div>\n\t\t\t\t<\/div>\n\t\t\t\t\t<\/div>\n\t\t<\/div>\n\t\t\t\t\t<\/div>\n\t\t<\/section>\n\t\t\t\t<\/div>","protected":false},"excerpt":{"rendered":"<p>Dienstleistungen Ihre Messtechnik in kompetenten H\u00e4nden: Korrekte Messergebnisse bei Pr\u00fcfungen und Tests sind entscheidend f\u00fcr die Bewertung der Qualit\u00e4t und Zuverl\u00e4ssigkeit Ihrer Produkte.Die regelm\u00e4\u00dfige Kalibrierung und einwandfrei funktionierende Mess- und Pr\u00fcfger\u00e4te sind die Voraussetzung f\u00fcr nachweisbar verl\u00e4ssliche Messwerte. Das Kalibrieren der Messger\u00e4te ist au\u00dferdem eine bindende Vorschrift in vielen Normen.Das kompetente Team der MI&amp;T GmbH [&hellip;]<\/p>","protected":false},"author":1,"featured_media":0,"parent":0,"menu_order":0,"comment_status":"closed","ping_status":"closed","template":"","meta":{"footnotes":""},"class_list":["post-10","page","type-page","status-publish","hentry"],"_links":{"self":[{"href":"https:\/\/www.mit-tester.de\/en\/wp-json\/wp\/v2\/pages\/10","targetHints":{"allow":["GET"]}}],"collection":[{"href":"https:\/\/www.mit-tester.de\/en\/wp-json\/wp\/v2\/pages"}],"about":[{"href":"https:\/\/www.mit-tester.de\/en\/wp-json\/wp\/v2\/types\/page"}],"author":[{"embeddable":true,"href":"https:\/\/www.mit-tester.de\/en\/wp-json\/wp\/v2\/users\/1"}],"replies":[{"embeddable":true,"href":"https:\/\/www.mit-tester.de\/en\/wp-json\/wp\/v2\/comments?post=10"}],"version-history":[{"count":5,"href":"https:\/\/www.mit-tester.de\/en\/wp-json\/wp\/v2\/pages\/10\/revisions"}],"predecessor-version":[{"id":204,"href":"https:\/\/www.mit-tester.de\/en\/wp-json\/wp\/v2\/pages\/10\/revisions\/204"}],"wp:attachment":[{"href":"https:\/\/www.mit-tester.de\/en\/wp-json\/wp\/v2\/media?parent=10"}],"curies":[{"name":"wp","href":"https:\/\/api.w.org\/{rel}","templated":true}]}}